{"id":9289,"date":"2024-09-27T15:32:49","date_gmt":"2024-09-27T13:32:49","guid":{"rendered":"https:\/\/www.doctorgskincare.com\/?post_type=product&#038;p=9289"},"modified":"2026-04-27T12:08:18","modified_gmt":"2026-04-27T10:08:18","slug":"sunglasses-doctorg","status":"publish","type":"product","link":"https:\/\/www.doctorgskincare.com\/it\/prodotto\/sunglasses-doctorg\/","title":{"rendered":"Doctor G. Sunglasses"},"content":{"rendered":"<p>Questa capsule collection in edizione limitata firmata Doctor G. nasce in collaborazione con Ottica Caputi, storica realt\u00e0 italiana dell\u2019occhialeria con oltre 100 anni di esperienza.\nLa montatura in acetato color bordeaux, realizzata artigianalmente, unisce design retr\u00f2 e contemporaneo, artigianalit\u00e0 ed esclusivit\u00e0. Le lenti degrad\u00e9 blu, con protezione UV di livello superiore, aggiungono un tocco di stile e unicit\u00e0.<\/p>","protected":false},"excerpt":{"rendered":"<p>This Doctor G. Limited Edition Capsule Collection of sunglasses is created in collaboration with Ottica Caputi, an Italian eyewear brand with more than 100 years of history. Their burgundy-colored acetate frame, exclusively handcrafted with a retro and contemporary design, combines craftsmanship and exclusivity. Blue degrade lenses with superior UV protection add a touch of style [&hellip;]<\/p>\n","protected":false},"featured_media":14530,"template":"","meta":{"_acf_changed":false},"product_brand":[],"product_cat":[126,110],"product_tag":[148],"giftcard-category":[],"class_list":{"0":"post-9289","1":"product","2":"type-product","3":"status-publish","4":"has-post-thumbnail","6":"product_cat-accessories","7":"product_cat-special-edition","8":"product_tag-gift-guide-100","10":"first","11":"instock","12":"sale","13":"taxable","14":"shipping-taxable","15":"purchasable","16":"product-type-simple"},"acf":[],"yoast_head":"<!-- This site is optimized with the Yoast SEO plugin v26.9 - https:\/\/yoast.com\/product\/yoast-seo-wordpress\/ -->\n<title>Doctor G. Sunglasses - Doctor G. Skincare. Upgraded.<\/title>\n<meta name=\"robots\" content=\"index, follow, max-snippet:-1, max-image-preview:large, max-video-preview:-1\" \/>\n<link rel=\"canonical\" href=\"https:\/\/www.doctorgskincare.com\/it\/prodotto\/sunglasses-doctorg\/\" \/>\n<meta property=\"og:locale\" content=\"it_IT\" \/>\n<meta property=\"og:type\" content=\"article\" \/>\n<meta property=\"og:title\" content=\"Doctor G. Sunglasses - Doctor G. Skincare. Upgraded.\" \/>\n<meta property=\"og:description\" content=\"This Doctor G. Limited Edition Capsule Collection of sunglasses is created in collaboration with Ottica Caputi, an Italian eyewear brand with more than 100 years of history. Their burgundy-colored acetate frame, exclusively handcrafted with a retro and contemporary design, combines craftsmanship and exclusivity. Blue degrade lenses with superior UV protection add a touch of style [&hellip;]\" \/>\n<meta property=\"og:url\" content=\"https:\/\/www.doctorgskincare.com\/it\/prodotto\/sunglasses-doctorg\/\" \/>\n<meta property=\"og:site_name\" content=\"Doctor G. Skincare. Upgraded.\" \/>\n<meta property=\"article:publisher\" content=\"https:\/\/www.facebook.com\/doctorgskincare\/\" \/>\n<meta property=\"article:modified_time\" content=\"2026-04-27T10:08:18+00:00\" \/>\n<meta property=\"og:image\" content=\"https:\/\/www.doctorgskincare.com\/wp-content\/uploads\/2024\/09\/sunglasses-doctorgskincare-1.jpg\" \/>\n\t<meta property=\"og:image:width\" content=\"1080\" \/>\n\t<meta property=\"og:image:height\" content=\"1350\" \/>\n\t<meta property=\"og:image:type\" content=\"image\/jpeg\" \/>\n<meta name=\"twitter:card\" content=\"summary_large_image\" \/>\n<meta name=\"twitter:label1\" content=\"Tempo di lettura stimato\" \/>\n\t<meta name=\"twitter:data1\" content=\"1 minuto\" \/>\n<script type=\"application\/ld+json\" class=\"yoast-schema-graph\">{\"@context\":\"https:\/\/schema.org\",\"@graph\":[{\"@type\":\"WebPage\",\"@id\":\"https:\/\/www.doctorgskincare.com\/product\/sunglasses-doctorg\/\",\"url\":\"https:\/\/www.doctorgskincare.com\/product\/sunglasses-doctorg\/\",\"name\":\"Doctor G. Sunglasses - Doctor G. Skincare. Upgraded.\",\"isPartOf\":{\"@id\":\"https:\/\/www.doctorgskincare.com\/en\/#website\"},\"primaryImageOfPage\":{\"@id\":\"https:\/\/www.doctorgskincare.com\/product\/sunglasses-doctorg\/#primaryimage\"},\"image\":{\"@id\":\"https:\/\/www.doctorgskincare.com\/product\/sunglasses-doctorg\/#primaryimage\"},\"thumbnailUrl\":\"https:\/\/www.doctorgskincare.com\/wp-content\/uploads\/2024\/09\/sunglasses-doctorgskincare-1.jpg\",\"datePublished\":\"2024-09-27T13:32:49+00:00\",\"dateModified\":\"2026-04-27T10:08:18+00:00\",\"breadcrumb\":{\"@id\":\"https:\/\/www.doctorgskincare.com\/product\/sunglasses-doctorg\/#breadcrumb\"},\"inLanguage\":\"it-IT\",\"potentialAction\":[{\"@type\":\"ReadAction\",\"target\":[\"https:\/\/www.doctorgskincare.com\/product\/sunglasses-doctorg\/\"]}]},{\"@type\":\"ImageObject\",\"inLanguage\":\"it-IT\",\"@id\":\"https:\/\/www.doctorgskincare.com\/product\/sunglasses-doctorg\/#primaryimage\",\"url\":\"https:\/\/www.doctorgskincare.com\/wp-content\/uploads\/2024\/09\/sunglasses-doctorgskincare-1.jpg\",\"contentUrl\":\"https:\/\/www.doctorgskincare.com\/wp-content\/uploads\/2024\/09\/sunglasses-doctorgskincare-1.jpg\",\"width\":1080,\"height\":1350},{\"@type\":\"BreadcrumbList\",\"@id\":\"https:\/\/www.doctorgskincare.com\/product\/sunglasses-doctorg\/#breadcrumb\",\"itemListElement\":[{\"@type\":\"ListItem\",\"position\":1,\"name\":\"Home\",\"item\":\"https:\/\/www.doctorgskincare.com\/\"},{\"@type\":\"ListItem\",\"position\":2,\"name\":\"Shop Online\",\"item\":\"https:\/\/www.doctorgskincare.com\/en\/shop\/\"},{\"@type\":\"ListItem\",\"position\":3,\"name\":\"Doctor G. Sunglasses\"}]},{\"@type\":\"WebSite\",\"@id\":\"https:\/\/www.doctorgskincare.com\/en\/#website\",\"url\":\"https:\/\/www.doctorgskincare.com\/en\/\",\"name\":\"Doctor G. Skincare. Upgraded.\",\"description\":\"Official Website\",\"publisher\":{\"@id\":\"https:\/\/www.doctorgskincare.com\/en\/#organization\"},\"potentialAction\":[{\"@type\":\"SearchAction\",\"target\":{\"@type\":\"EntryPoint\",\"urlTemplate\":\"https:\/\/www.doctorgskincare.com\/en\/?s={search_term_string}\"},\"query-input\":{\"@type\":\"PropertyValueSpecification\",\"valueRequired\":true,\"valueName\":\"search_term_string\"}}],\"inLanguage\":\"it-IT\"},{\"@type\":\"Organization\",\"@id\":\"https:\/\/www.doctorgskincare.com\/en\/#organization\",\"name\":\"Doctor G. Skincare. Upgraded.\",\"url\":\"https:\/\/www.doctorgskincare.com\/en\/\",\"logo\":{\"@type\":\"ImageObject\",\"inLanguage\":\"it-IT\",\"@id\":\"https:\/\/www.doctorgskincare.com\/en\/#\/schema\/logo\/image\/\",\"url\":\"https:\/\/www.doctorgskincare.com\/wp-content\/uploads\/2023\/04\/logo-doctorg.png\",\"contentUrl\":\"https:\/\/www.doctorgskincare.com\/wp-content\/uploads\/2023\/04\/logo-doctorg.png\",\"width\":800,\"height\":200,\"caption\":\"Doctor G. Skincare. Upgraded.\"},\"image\":{\"@id\":\"https:\/\/www.doctorgskincare.com\/en\/#\/schema\/logo\/image\/\"},\"sameAs\":[\"https:\/\/www.facebook.com\/doctorgskincare\/\",\"https:\/\/www.instagram.com\/doctorgskincare\/\"]}]}<\/script>\n<!-- \/ Yoast SEO plugin. -->","yoast_head_json":{"title":"Doctor G. Sunglasses - Doctor G. Skincare. Upgraded.","robots":{"index":"index","follow":"follow","max-snippet":"max-snippet:-1","max-image-preview":"max-image-preview:large","max-video-preview":"max-video-preview:-1"},"canonical":"https:\/\/www.doctorgskincare.com\/it\/prodotto\/sunglasses-doctorg\/","og_locale":"it_IT","og_type":"article","og_title":"Doctor G. Sunglasses - Doctor G. Skincare. Upgraded.","og_description":"This Doctor G. Limited Edition Capsule Collection of sunglasses is created in collaboration with Ottica Caputi, an Italian eyewear brand with more than 100 years of history. Their burgundy-colored acetate frame, exclusively handcrafted with a retro and contemporary design, combines craftsmanship and exclusivity. Blue degrade lenses with superior UV protection add a touch of style [&hellip;]","og_url":"https:\/\/www.doctorgskincare.com\/it\/prodotto\/sunglasses-doctorg\/","og_site_name":"Doctor G. Skincare. Upgraded.","article_publisher":"https:\/\/www.facebook.com\/doctorgskincare\/","article_modified_time":"2026-04-27T10:08:18+00:00","og_image":[{"width":1080,"height":1350,"url":"https:\/\/www.doctorgskincare.com\/wp-content\/uploads\/2024\/09\/sunglasses-doctorgskincare-1.jpg","type":"image\/jpeg"}],"twitter_card":"summary_large_image","twitter_misc":{"Tempo di lettura stimato":"1 minuto"},"schema":{"@context":"https:\/\/schema.org","@graph":[{"@type":"WebPage","@id":"https:\/\/www.doctorgskincare.com\/product\/sunglasses-doctorg\/","url":"https:\/\/www.doctorgskincare.com\/product\/sunglasses-doctorg\/","name":"Doctor G. Sunglasses - Doctor G. Skincare. Upgraded.","isPartOf":{"@id":"https:\/\/www.doctorgskincare.com\/en\/#website"},"primaryImageOfPage":{"@id":"https:\/\/www.doctorgskincare.com\/product\/sunglasses-doctorg\/#primaryimage"},"image":{"@id":"https:\/\/www.doctorgskincare.com\/product\/sunglasses-doctorg\/#primaryimage"},"thumbnailUrl":"https:\/\/www.doctorgskincare.com\/wp-content\/uploads\/2024\/09\/sunglasses-doctorgskincare-1.jpg","datePublished":"2024-09-27T13:32:49+00:00","dateModified":"2026-04-27T10:08:18+00:00","breadcrumb":{"@id":"https:\/\/www.doctorgskincare.com\/product\/sunglasses-doctorg\/#breadcrumb"},"inLanguage":"it-IT","potentialAction":[{"@type":"ReadAction","target":["https:\/\/www.doctorgskincare.com\/product\/sunglasses-doctorg\/"]}]},{"@type":"ImageObject","inLanguage":"it-IT","@id":"https:\/\/www.doctorgskincare.com\/product\/sunglasses-doctorg\/#primaryimage","url":"https:\/\/www.doctorgskincare.com\/wp-content\/uploads\/2024\/09\/sunglasses-doctorgskincare-1.jpg","contentUrl":"https:\/\/www.doctorgskincare.com\/wp-content\/uploads\/2024\/09\/sunglasses-doctorgskincare-1.jpg","width":1080,"height":1350},{"@type":"BreadcrumbList","@id":"https:\/\/www.doctorgskincare.com\/product\/sunglasses-doctorg\/#breadcrumb","itemListElement":[{"@type":"ListItem","position":1,"name":"Home","item":"https:\/\/www.doctorgskincare.com\/"},{"@type":"ListItem","position":2,"name":"Shop Online","item":"https:\/\/www.doctorgskincare.com\/en\/shop\/"},{"@type":"ListItem","position":3,"name":"Doctor G. Sunglasses"}]},{"@type":"WebSite","@id":"https:\/\/www.doctorgskincare.com\/en\/#website","url":"https:\/\/www.doctorgskincare.com\/en\/","name":"Doctor G. Skincare. Upgraded.","description":"Official Website","publisher":{"@id":"https:\/\/www.doctorgskincare.com\/en\/#organization"},"potentialAction":[{"@type":"SearchAction","target":{"@type":"EntryPoint","urlTemplate":"https:\/\/www.doctorgskincare.com\/en\/?s={search_term_string}"},"query-input":{"@type":"PropertyValueSpecification","valueRequired":true,"valueName":"search_term_string"}}],"inLanguage":"it-IT"},{"@type":"Organization","@id":"https:\/\/www.doctorgskincare.com\/en\/#organization","name":"Doctor G. Skincare. Upgraded.","url":"https:\/\/www.doctorgskincare.com\/en\/","logo":{"@type":"ImageObject","inLanguage":"it-IT","@id":"https:\/\/www.doctorgskincare.com\/en\/#\/schema\/logo\/image\/","url":"https:\/\/www.doctorgskincare.com\/wp-content\/uploads\/2023\/04\/logo-doctorg.png","contentUrl":"https:\/\/www.doctorgskincare.com\/wp-content\/uploads\/2023\/04\/logo-doctorg.png","width":800,"height":200,"caption":"Doctor G. Skincare. Upgraded."},"image":{"@id":"https:\/\/www.doctorgskincare.com\/en\/#\/schema\/logo\/image\/"},"sameAs":["https:\/\/www.facebook.com\/doctorgskincare\/","https:\/\/www.instagram.com\/doctorgskincare\/"]}]}},"_links":{"self":[{"href":"https:\/\/www.doctorgskincare.com\/it\/wp-json\/wp\/v2\/product\/9289","targetHints":{"allow":["GET"]}}],"collection":[{"href":"https:\/\/www.doctorgskincare.com\/it\/wp-json\/wp\/v2\/product"}],"about":[{"href":"https:\/\/www.doctorgskincare.com\/it\/wp-json\/wp\/v2\/types\/product"}],"wp:featuredmedia":[{"embeddable":true,"href":"https:\/\/www.doctorgskincare.com\/it\/wp-json\/wp\/v2\/media\/14530"}],"wp:attachment":[{"href":"https:\/\/www.doctorgskincare.com\/it\/wp-json\/wp\/v2\/media?parent=9289"}],"wp:term":[{"taxonomy":"product_brand","embeddable":true,"href":"https:\/\/www.doctorgskincare.com\/it\/wp-json\/wp\/v2\/product_brand?post=9289"},{"taxonomy":"product_cat","embeddable":true,"href":"https:\/\/www.doctorgskincare.com\/it\/wp-json\/wp\/v2\/product_cat?post=9289"},{"taxonomy":"product_tag","embeddable":true,"href":"https:\/\/www.doctorgskincare.com\/it\/wp-json\/wp\/v2\/product_tag?post=9289"},{"taxonomy":"giftcard-category","embeddable":true,"href":"https:\/\/www.doctorgskincare.com\/it\/wp-json\/wp\/v2\/giftcard-category?post=9289"}],"curies":[{"name":"wp","href":"https:\/\/api.w.org\/{rel}","templated":true}]}}